{"id":158,"date":"2025-10-13T12:04:30","date_gmt":"2025-10-13T12:04:30","guid":{"rendered":"https:\/\/viviendascostadorada.es\/?page_id=158"},"modified":"2025-10-13T12:07:08","modified_gmt":"2025-10-13T12:07:08","slug":"politica-de-privacidad","status":"publish","type":"page","link":"https:\/\/viviendascostadorada.es\/en\/politica-de-privacidad\/","title":{"rendered":"Pol\u00edtica de Privacidad"},"content":{"rendered":"<div data-elementor-type=\"wp-page\" data-elementor-id=\"158\" class=\"elementor elementor-158\" data-elementor-post-type=\"page\">\n\t\t\t\t<div class=\"elementor-element elementor-element-4160e9a e-flex e-con-boxed e-con e-parent\" data-id=\"4160e9a\" data-element_type=\"container\" data-settings=\"{&quot;background_background&quot;:&quot;classic&quot;}\">\n\t\t\t\t\t<div class=\"e-con-inner\">\n\t\t<div class=\"elementor-element elementor-element-5a891ff e-con-full e-flex e-con e-child\" data-id=\"5a891ff\" data-element_type=\"container\">\n\t\t<div class=\"elementor-element elementor-element-a111797 e-con-full e-flex e-con e-child\" data-id=\"a111797\" data-element_type=\"container\">\n\t\t\t\t<div class=\"elementor-element elementor-element-34db919 elementor-widget elementor-widget-heading\" data-id=\"34db919\" data-element_type=\"widget\" data-widget_type=\"heading.default\">\n\t\t\t\t\t<h1 class=\"elementor-heading-title elementor-size-default\">Pol\u00edtica<br>de Privacidad<\/h1>\t\t\t\t<\/div>\n\t\t\t\t<\/div>\n\t\t\t\t<\/div>\n\t\t\t\t\t<\/div>\n\t\t\t\t<\/div>\n\t\t<div class=\"elementor-element elementor-element-1fc59c7 e-flex e-con-boxed e-con e-parent\" data-id=\"1fc59c7\" data-element_type=\"container\">\n\t\t\t\t\t<div class=\"e-con-inner\">\n\t\t\t\t<div class=\"elementor-element elementor-element-7d0f924 elementor-widget elementor-widget-text-editor\" data-id=\"7d0f924\" data-element_type=\"widget\" data-widget_type=\"text-editor.default\">\n\t\t\t\t\t\t\t\t\t<p data-start=\"289\" data-end=\"832\">En <strong data-start=\"292\" data-end=\"314\">\u00c1REA DE BAR\u00c1, S.L.<\/strong> nos comprometemos a proteger la privacidad de nuestros usuarios y garantizar un tratamiento transparente y seguro de sus datos personales. Esta Pol\u00edtica de Privacidad describe c\u00f3mo recopilamos, utilizamos y protegemos la informaci\u00f3n que nos facilitas a trav\u00e9s del sitio web <strong data-start=\"589\" data-end=\"625\"><a class=\"decorated-link\" href=\"https:\/\/viviendascostadorada.es\/en\/\" target=\"_new\" rel=\"noopener\" data-start=\"591\" data-end=\"623\">https:\/\/viviendascostadorada.es\/<\/a><\/strong>, conforme al <strong data-start=\"639\" data-end=\"667\">Reglamento (UE) 2016\/679<\/strong> (Reglamento General de Protecci\u00f3n de Datos &#8211; RGPD) y la <strong data-start=\"724\" data-end=\"747\">Ley Org\u00e1nica 3\/2018<\/strong>, de Protecci\u00f3n de Datos Personales y garant\u00eda de los derechos digitales (LOPDGDD).<\/p><hr data-start=\"834\" data-end=\"837\" \/><h2 data-start=\"839\" data-end=\"874\">1. Responsable del tratamiento<\/h2><p data-start=\"876\" data-end=\"1142\"><strong data-start=\"876\" data-end=\"888\">Titular:<\/strong> \u00c1REA DE BAR\u00c1, S.L.<br data-start=\"907\" data-end=\"910\" \/><strong data-start=\"910\" data-end=\"918\">CIF:<\/strong> B62726930<br data-start=\"928\" data-end=\"931\" \/><strong data-start=\"931\" data-end=\"945\">Domicilio:<\/strong> Carrer d\u2019Ireneu, 27 \u2013 Terrassa, Barcelona<br data-start=\"987\" data-end=\"990\" \/><strong data-start=\"990\" data-end=\"1003\">Tel\u00e9fono:<\/strong> 932 159 446<br data-start=\"1015\" data-end=\"1018\" \/><strong data-start=\"1018\" data-end=\"1041\">Correo electr\u00f3nico:<\/strong> <a class=\"decorated-link cursor-pointer\" rel=\"noopener\" data-start=\"1042\" data-end=\"1056\">mireia@rvcd.es<\/a><br data-start=\"1056\" data-end=\"1059\" \/><strong data-start=\"1059\" data-end=\"1073\">Sitio web:<\/strong> <a class=\"decorated-link\" href=\"https:\/\/viviendascostadorada.es\/en\/\" target=\"_new\" rel=\"noopener\" data-start=\"1074\" data-end=\"1140\">https:\/\/viviendascostadorada.es<\/a><\/p><hr data-start=\"1144\" data-end=\"1147\" \/><h2 data-start=\"1149\" data-end=\"1182\">2. Finalidad del tratamiento<\/h2><p data-start=\"1184\" data-end=\"1292\">Los datos personales que recabamos a trav\u00e9s de este sitio web se utilizan para las siguientes finalidades:<\/p><ul data-start=\"1294\" data-end=\"1747\"><li data-start=\"1294\" data-end=\"1419\"><p data-start=\"1296\" data-end=\"1419\">Atender las consultas o solicitudes de informaci\u00f3n enviadas a trav\u00e9s del formulario de contacto o por correo electr\u00f3nico.<\/p><\/li><li data-start=\"1420\" data-end=\"1540\"><p data-start=\"1422\" data-end=\"1540\">Gestionar la relaci\u00f3n comercial o precontractual, as\u00ed como las operaciones de compra, venta o alquiler de viviendas.<\/p><\/li><li data-start=\"1541\" data-end=\"1657\"><p data-start=\"1543\" data-end=\"1657\">Enviar informaci\u00f3n sobre promociones o nuevos inmuebles, siempre que el usuario haya prestado su consentimiento.<\/p><\/li><li data-start=\"1658\" data-end=\"1747\"><p data-start=\"1660\" data-end=\"1747\">Cumplir con las obligaciones legales que correspondan al responsable del tratamiento.<\/p><\/li><\/ul><hr data-start=\"1749\" data-end=\"1752\" \/><h2 data-start=\"1754\" data-end=\"1790\">3. Legitimaci\u00f3n del tratamiento<\/h2><p data-start=\"1792\" data-end=\"1881\">El tratamiento de los datos personales se realiza sobre las siguientes bases jur\u00eddicas:<\/p><ul data-start=\"1883\" data-end=\"2265\"><li data-start=\"1883\" data-end=\"1996\"><p data-start=\"1885\" data-end=\"1996\"><strong data-start=\"1885\" data-end=\"1918\">Consentimiento del interesado<\/strong>, al aceptar esta Pol\u00edtica de Privacidad y enviar sus datos voluntariamente.<\/p><\/li><li data-start=\"1997\" data-end=\"2161\"><p data-start=\"1999\" data-end=\"2161\"><strong data-start=\"1999\" data-end=\"2027\">Ejecuci\u00f3n de un contrato<\/strong> o aplicaci\u00f3n de medidas precontractuales (cuando los datos se facilitan para gestionar un servicio o una transacci\u00f3n inmobiliaria).<\/p><\/li><li data-start=\"2162\" data-end=\"2265\"><p data-start=\"2164\" data-end=\"2265\"><strong data-start=\"2164\" data-end=\"2204\">Cumplimiento de obligaciones legales<\/strong> derivadas de normativas aplicables al sector inmobiliario.<\/p><\/li><\/ul><hr data-start=\"2267\" data-end=\"2270\" \/><h2 data-start=\"2272\" data-end=\"2305\">4. Conservaci\u00f3n de los datos<\/h2><p data-start=\"2307\" data-end=\"2596\">Los datos se conservar\u00e1n durante el tiempo necesario para cumplir la finalidad para la que fueron recabados y mientras exista una relaci\u00f3n comercial o contractual. Una vez finalizada, se mantendr\u00e1n bloqueados durante los plazos establecidos legalmente antes de su eliminaci\u00f3n definitiva.<\/p><hr data-start=\"2598\" data-end=\"2601\" \/><h2 data-start=\"2603\" data-end=\"2632\">5. Comunicaci\u00f3n de datos<\/h2><p data-start=\"2634\" data-end=\"2852\">No se comunicar\u00e1n los datos personales a terceros, salvo obligaci\u00f3n legal o cuando sea necesario para la prestaci\u00f3n del servicio (por ejemplo, empresas de gesti\u00f3n administrativa, hosting, o proveedores tecnol\u00f3gicos).<\/p><hr data-start=\"2854\" data-end=\"2857\" \/><h2 data-start=\"2859\" data-end=\"2891\">6. Derechos de los usuarios<\/h2><p data-start=\"2893\" data-end=\"2957\">El usuario puede ejercer en cualquier momento sus derechos de:<\/p><ul data-start=\"2959\" data-end=\"3439\"><li data-start=\"2959\" data-end=\"3007\"><p data-start=\"2961\" data-end=\"3007\"><strong data-start=\"2961\" data-end=\"2971\">Acceso<\/strong>, para conocer qu\u00e9 datos tratamos.<\/p><\/li><li data-start=\"3008\" data-end=\"3076\"><p data-start=\"3010\" data-end=\"3076\"><strong data-start=\"3010\" data-end=\"3027\">Rectificaci\u00f3n<\/strong>, para modificar datos inexactos o incompletos.<\/p><\/li><li data-start=\"3077\" data-end=\"3168\"><p data-start=\"3079\" data-end=\"3168\"><strong data-start=\"3079\" data-end=\"3092\">Supresi\u00f3n<\/strong>, para solicitar la eliminaci\u00f3n de sus datos cuando ya no sean necesarios.<\/p><\/li><li data-start=\"3169\" data-end=\"3247\"><p data-start=\"3171\" data-end=\"3247\"><strong data-start=\"3171\" data-end=\"3184\">Oposici\u00f3n<\/strong>, para evitar que se traten sus datos por motivos personales.<\/p><\/li><li data-start=\"3248\" data-end=\"3334\"><p data-start=\"3250\" data-end=\"3334\"><strong data-start=\"3250\" data-end=\"3280\">Limitaci\u00f3n del tratamiento<\/strong>, para restringir temporalmente el uso de sus datos.<\/p><\/li><li data-start=\"3335\" data-end=\"3439\"><p data-start=\"3337\" data-end=\"3439\"><strong data-start=\"3337\" data-end=\"3353\">Portabilidad<\/strong>, para recibir los datos en formato estructurado y transferirlos a otro responsable.<\/p><\/li><\/ul><p data-start=\"3441\" data-end=\"3604\">El ejercicio de estos derechos podr\u00e1 realizarse mediante solicitud escrita dirigida a <strong data-start=\"3527\" data-end=\"3545\"><a class=\"decorated-link cursor-pointer\" rel=\"noopener\" data-start=\"3529\" data-end=\"3543\">mireia@rvcd.es<\/a><\/strong>, adjuntando copia de un documento identificativo v\u00e1lido.<\/p><p data-start=\"3606\" data-end=\"3799\">Asimismo, si considera que sus derechos no han sido respetados, puede presentar una reclamaci\u00f3n ante la <strong data-start=\"3710\" data-end=\"3760\">Agencia Espa\u00f1ola de Protecci\u00f3n de Datos (AEPD)<\/strong>: <a class=\"decorated-link cursor-pointer\" target=\"_new\" rel=\"noopener\" data-start=\"3762\" data-end=\"3796\">www.aepd.es<\/a>.<\/p><hr data-start=\"3801\" data-end=\"3804\" \/><h2 data-start=\"3806\" data-end=\"3836\">7. Seguridad de los datos<\/h2><p data-start=\"3838\" data-end=\"4058\"><strong data-start=\"3838\" data-end=\"3860\">\u00c1REA DE BAR\u00c1, S.L.<\/strong> adopta las medidas t\u00e9cnicas y organizativas necesarias para garantizar la seguridad, confidencialidad e integridad de los datos personales, evitando su p\u00e9rdida, alteraci\u00f3n o acceso no autorizado.<\/p><hr data-start=\"4060\" data-end=\"4063\" \/><h2 data-start=\"4065\" data-end=\"4091\">8. Enlaces a terceros<\/h2><p data-start=\"4093\" data-end=\"4352\">Este sitio web puede incluir enlaces a sitios de terceros. <strong data-start=\"4152\" data-end=\"4174\">\u00c1REA DE BAR\u00c1, S.L.<\/strong> no se hace responsable de las pol\u00edticas de privacidad o del contenido de dichos sitios. Se recomienda revisar sus propias pol\u00edticas antes de facilitar cualquier dato personal.<\/p><hr data-start=\"4354\" data-end=\"4357\" \/><h2 data-start=\"4359\" data-end=\"4408\">9. Modificaci\u00f3n de la pol\u00edtica de privacidad<\/h2><p data-start=\"4410\" data-end=\"4667\"><strong data-start=\"4410\" data-end=\"4432\">\u00c1REA DE BAR\u00c1, S.L.<\/strong> se reserva el derecho a modificar la presente Pol\u00edtica de Privacidad en cualquier momento para adaptarla a novedades legislativas o cambios en la prestaci\u00f3n de sus servicios. Cualquier modificaci\u00f3n se publicar\u00e1 en esta misma p\u00e1gina.<\/p>\t\t\t\t\t\t\t\t<\/div>\n\t\t\t\t\t<\/div>\n\t\t\t\t<\/div>\n\t\t\t\t<\/div>","protected":false},"excerpt":{"rendered":"<p>Pol\u00edticade Privacidad En \u00c1REA DE BAR\u00c1, S.L. nos comprometemos a proteger la privacidad de nuestros usuarios y garantizar un tratamiento transparente y seguro de sus datos personales. Esta Pol\u00edtica de Privacidad describe c\u00f3mo recopilamos, utilizamos y protegemos la informaci\u00f3n que nos facilitas a trav\u00e9s del sitio web https:\/\/viviendascostadorada.es\/, conforme al Reglamento (UE) 2016\/679 (Reglamento General [&hellip;]<\/p>","protected":false},"author":1,"featured_media":0,"parent":0,"menu_order":0,"comment_status":"closed","ping_status":"closed","template":"","meta":{"footnotes":""},"class_list":["post-158","page","type-page","status-publish","hentry"],"_links":{"self":[{"href":"https:\/\/viviendascostadorada.es\/en\/wp-json\/wp\/v2\/pages\/158","targetHints":{"allow":["GET"]}}],"collection":[{"href":"https:\/\/viviendascostadorada.es\/en\/wp-json\/wp\/v2\/pages"}],"about":[{"href":"https:\/\/viviendascostadorada.es\/en\/wp-json\/wp\/v2\/types\/page"}],"author":[{"embeddable":true,"href":"https:\/\/viviendascostadorada.es\/en\/wp-json\/wp\/v2\/users\/1"}],"replies":[{"embeddable":true,"href":"https:\/\/viviendascostadorada.es\/en\/wp-json\/wp\/v2\/comments?post=158"}],"version-history":[{"count":9,"href":"https:\/\/viviendascostadorada.es\/en\/wp-json\/wp\/v2\/pages\/158\/revisions"}],"predecessor-version":[{"id":168,"href":"https:\/\/viviendascostadorada.es\/en\/wp-json\/wp\/v2\/pages\/158\/revisions\/168"}],"wp:attachment":[{"href":"https:\/\/viviendascostadorada.es\/en\/wp-json\/wp\/v2\/media?parent=158"}],"curies":[{"name":"wp","href":"https:\/\/api.w.org\/{rel}","templated":true}]}}